{"id":721,"date":"2023-08-03T22:35:55","date_gmt":"2023-08-03T22:35:55","guid":{"rendered":"https:\/\/businesskids.com.ar\/?page_id=721"},"modified":"2025-07-09T20:37:16","modified_gmt":"2025-07-09T18:37:16","slug":"homeschool-y-unschooling","status":"publish","type":"page","link":"https:\/\/businesskids.com.mx\/fr\/colegios\/homeschool-y-unschooling\/","title":{"rendered":"Homeschool y Unschooling"},"content":{"rendered":"<div data-elementor-type=\"wp-page\" data-elementor-id=\"721\" class=\"elementor elementor-721\" data-elementor-post-type=\"page\">\n\t\t\t\t\t\t<section class=\"elementor-section elementor-top-section elementor-element elementor-element-45e1f6c elementor-section-boxed elementor-section-height-default elementor-section-height-default\" data-id=\"45e1f6c\" data-element_type=\"section\" data-e-type=\"section\" data-settings=\"{&quot;background_background&quot;:&quot;classic&quot;,&quot;shape_divider_bottom&quot;:&quot;tilt&quot;}\">\n\t\t\t\t\t\t\t<div class=\"elementor-background-overlay\"><\/div>\n\t\t\t\t\t\t<div class=\"elementor-shape elementor-shape-bottom\" aria-hidden=\"true\" data-negative=\"false\">\n\t\t\t<svg xmlns=\"http:\/\/www.w3.org\/2000\/svg\" viewbox=\"0 0 1000 100\" preserveaspectratio=\"none\">\n\t<path class=\"elementor-shape-fill\" d=\"M0,6V0h1000v100L0,6z\"\/>\n<\/svg>\t\t<\/div>\n\t\t\t\t\t<div class=\"elementor-container elementor-column-gap-default\">\n\t\t\t\t\t<div class=\"elementor-column elementor-col-100 elementor-top-column elementor-element elementor-element-e5ae7b9\" data-id=\"e5ae7b9\" data-element_type=\"column\" data-e-type=\"column\">\n\t\t\t<div class=\"elementor-widget-wrap elementor-element-populated\">\n\t\t\t\t\t\t<div class=\"elementor-element elementor-element-71b30d7 elementor-widget elementor-widget-text-editor\" data-id=\"71b30d7\" data-element_type=\"widget\" data-e-type=\"widget\" data-widget_type=\"text-editor.default\">\n\t\t\t\t<div class=\"elementor-widget-container\">\n\t\t\t\t\t\t\t\t\t<h1 style=\"text-align: center;\"><span style=\"color: #ffffff;\">Homeschool &amp; Unschooling<\/span><\/h1>\t\t\t\t\t\t\t\t<\/div>\n\t\t\t\t<\/div>\n\t\t\t\t\t<\/div>\n\t\t<\/div>\n\t\t\t\t\t<\/div>\n\t\t<\/section>\n\t\t\t\t<section class=\"elementor-section elementor-top-section elementor-element elementor-element-9e8b27d elementor-section-boxed elementor-section-height-default elementor-section-height-default\" data-id=\"9e8b27d\" data-element_type=\"section\" data-e-type=\"section\">\n\t\t\t\t\t\t<div class=\"elementor-container elementor-column-gap-default\">\n\t\t\t\t\t<div class=\"elementor-column elementor-col-50 elementor-top-column elementor-element elementor-element-beaf3f1\" data-id=\"beaf3f1\" data-element_type=\"column\" data-e-type=\"column\">\n\t\t\t<div class=\"elementor-widget-wrap elementor-element-populated\">\n\t\t\t\t\t\t<div class=\"elementor-element elementor-element-f348e39 elementor-widget elementor-widget-image\" data-id=\"f348e39\" data-element_type=\"widget\" data-e-type=\"widget\" data-widget_type=\"image.default\">\n\t\t\t\t<div class=\"elementor-widget-container\">\n\t\t\t\t\t\t\t\t\t\t\t\t\t\t\t<img fetchpriority=\"high\" decoding=\"async\" width=\"900\" height=\"600\" src=\"https:\/\/businesskids.com.mx\/wp-content\/uploads\/2023\/06\/businesskids-img-03-1024x683.jpg\" class=\"attachment-large size-large wp-image-542\" alt=\"\" srcset=\"https:\/\/businesskids.com.mx\/wp-content\/uploads\/2023\/06\/businesskids-img-03-1024x683.jpg 1024w, https:\/\/businesskids.com.mx\/wp-content\/uploads\/2023\/06\/businesskids-img-03-300x200.jpg 300w, https:\/\/businesskids.com.mx\/wp-content\/uploads\/2023\/06\/businesskids-img-03-768x512.jpg 768w, https:\/\/businesskids.com.mx\/wp-content\/uploads\/2023\/06\/businesskids-img-03-1536x1025.jpg 1536w, https:\/\/businesskids.com.mx\/wp-content\/uploads\/2023\/06\/businesskids-img-03.jpg 1920w\" sizes=\"(max-width: 900px) 100vw, 900px\" \/>\t\t\t\t\t\t\t\t\t\t\t\t\t\t\t<\/div>\n\t\t\t\t<\/div>\n\t\t\t\t\t<\/div>\n\t\t<\/div>\n\t\t\t\t<div class=\"elementor-column elementor-col-50 elementor-top-column elementor-element elementor-element-222362e\" data-id=\"222362e\" data-element_type=\"column\" data-e-type=\"column\">\n\t\t\t<div class=\"elementor-widget-wrap elementor-element-populated\">\n\t\t\t\t\t\t<div class=\"elementor-element elementor-element-91f44b3 elementor-widget elementor-widget-heading\" data-id=\"91f44b3\" data-element_type=\"widget\" data-e-type=\"widget\" data-widget_type=\"heading.default\">\n\t\t\t\t<div class=\"elementor-widget-container\">\n\t\t\t\t\t<h2 class=\"elementor-heading-title elementor-size-default\">\u00a1Acerca el emprendimiento a tus estudiantes!<\/h2>\t\t\t\t<\/div>\n\t\t\t\t<\/div>\n\t\t\t\t<div class=\"elementor-element elementor-element-245e476 elementor-widget elementor-widget-heading\" data-id=\"245e476\" data-element_type=\"widget\" data-e-type=\"widget\" data-widget_type=\"heading.default\">\n\t\t\t\t<div class=\"elementor-widget-container\">\n\t\t\t\t\t<h2 class=\"elementor-heading-title elementor-size-default\">T\u00fa eliges la modalidad y nosotros nos encargamos del resto.<\/h2>\t\t\t\t<\/div>\n\t\t\t\t<\/div>\n\t\t\t\t<div class=\"elementor-element elementor-element-d043cf3 elementor-widget elementor-widget-heading\" data-id=\"d043cf3\" data-element_type=\"widget\" data-e-type=\"widget\" data-widget_type=\"heading.default\">\n\t\t\t\t<div class=\"elementor-widget-container\">\n\t\t\t\t\t<h2 class=\"elementor-heading-title elementor-size-default\">Puedes elegir entre el programa escolar.<\/h2>\t\t\t\t<\/div>\n\t\t\t\t<\/div>\n\t\t\t\t<div class=\"elementor-element elementor-element-e2a221e elementor-widget elementor-widget-heading\" data-id=\"e2a221e\" data-element_type=\"widget\" data-e-type=\"widget\" data-widget_type=\"heading.default\">\n\t\t\t\t<div class=\"elementor-widget-container\">\n\t\t\t\t\t<h2 class=\"elementor-heading-title elementor-size-default\">Formaci\u00f3n emprendedora o el que se imparte por consultores expertos de BusinessKids, as\u00ed como la modalidad presencial o en l\u00ednea en directo e, incluso, a trav\u00e9s del e-learning.<\/h2>\t\t\t\t<\/div>\n\t\t\t\t<\/div>\n\t\t\t\t\t<\/div>\n\t\t<\/div>\n\t\t\t\t\t<\/div>\n\t\t<\/section>\n\t\t\t\t<section class=\"elementor-section elementor-top-section elementor-element elementor-element-e976aa2 elementor-section-boxed elementor-section-height-default elementor-section-height-default\" data-id=\"e976aa2\" data-element_type=\"section\" data-e-type=\"section\" data-settings=\"{&quot;background_background&quot;:&quot;classic&quot;,&quot;shape_divider_bottom&quot;:&quot;tilt&quot;,&quot;shape_divider_top&quot;:&quot;tilt&quot;}\">\n\t\t\t\t\t\t\t<div class=\"elementor-background-overlay\"><\/div>\n\t\t\t\t\t\t<div class=\"elementor-shape elementor-shape-top\" aria-hidden=\"true\" data-negative=\"false\">\n\t\t\t<svg xmlns=\"http:\/\/www.w3.org\/2000\/svg\" viewbox=\"0 0 1000 100\" preserveaspectratio=\"none\">\n\t<path class=\"elementor-shape-fill\" d=\"M0,6V0h1000v100L0,6z\"\/>\n<\/svg>\t\t<\/div>\n\t\t\t\t<div class=\"elementor-shape elementor-shape-bottom\" aria-hidden=\"true\" data-negative=\"false\">\n\t\t\t<svg xmlns=\"http:\/\/www.w3.org\/2000\/svg\" viewbox=\"0 0 1000 100\" preserveaspectratio=\"none\">\n\t<path class=\"elementor-shape-fill\" d=\"M0,6V0h1000v100L0,6z\"\/>\n<\/svg>\t\t<\/div>\n\t\t\t\t\t<div class=\"elementor-container elementor-column-gap-default\">\n\t\t\t\t\t<div class=\"elementor-column elementor-col-100 elementor-top-column elementor-element elementor-element-de24da7\" data-id=\"de24da7\" data-element_type=\"column\" data-e-type=\"column\">\n\t\t\t<div class=\"elementor-widget-wrap elementor-element-populated\">\n\t\t\t\t\t\t<div class=\"elementor-element elementor-element-d9dcd16 elementor-widget elementor-widget-heading\" data-id=\"d9dcd16\" data-element_type=\"widget\" data-e-type=\"widget\" data-widget_type=\"heading.default\">\n\t\t\t\t<div class=\"elementor-widget-container\">\n\t\t\t\t\t<h2 class=\"elementor-heading-title elementor-size-default\">La educaci\u00f3n emprendedora hace la diferencia.<\/h2>\t\t\t\t<\/div>\n\t\t\t\t<\/div>\n\t\t\t\t\t<\/div>\n\t\t<\/div>\n\t\t\t\t\t<\/div>\n\t\t<\/section>\n\t\t\t\t<section class=\"elementor-section elementor-top-section elementor-element elementor-element-7fa93cf elementor-section-boxed elementor-section-height-default elementor-section-height-default\" data-id=\"7fa93cf\" data-element_type=\"section\" data-e-type=\"section\">\n\t\t\t\t\t\t<div class=\"elementor-container elementor-column-gap-default\">\n\t\t\t\t\t<div class=\"elementor-column elementor-col-50 elementor-top-column elementor-element elementor-element-38812d1\" data-id=\"38812d1\" data-element_type=\"column\" data-e-type=\"column\">\n\t\t\t<div class=\"elementor-widget-wrap elementor-element-populated\">\n\t\t\t\t\t\t<div class=\"elementor-element elementor-element-57e035e elementor-widget elementor-widget-heading\" data-id=\"57e035e\" data-element_type=\"widget\" data-e-type=\"widget\" data-widget_type=\"heading.default\">\n\t\t\t\t<div class=\"elementor-widget-container\">\n\t\t\t\t\t<h2 class=\"elementor-heading-title elementor-size-default\">Beneficios de BusinessKids:<\/h2>\t\t\t\t<\/div>\n\t\t\t\t<\/div>\n\t\t\t\t<div class=\"elementor-element elementor-element-926b873 elementor-widget elementor-widget-heading\" data-id=\"926b873\" data-element_type=\"widget\" data-e-type=\"widget\" data-widget_type=\"heading.default\">\n\t\t\t\t<div class=\"elementor-widget-container\">\n\t\t\t\t\t<h2 class=\"elementor-heading-title elementor-size-default\">\u2022 Aprenden a emprender.<br>\n\u2022 Perseverancia y resiliencia.<br>\n\u2022 Desarrollan su autoestima, su autoconfianza y la cultura del trabajo.<br>\n\u2022 Aprenden a amar lo que hacen.\u00a0<br>\n\u2022 Valoran el trabajo de sus padres.<br>\n\u2022 Comprenden de mejor forma el valor y cuidado del dinero.<br>\n\u2022 Estimulan el gusto por las matem\u00e1ticas, al darles un uso real.<br>\n\u2022 Estimulan valores como el servicio a los dem\u00e1s, el trato justo al personal, el trabajo en equipo, la ecolog\u00eda y la conciencia social.<br>\n\u2022 Desarrollan sus habilidades de liderazgo.<br>\n\u2022 Se fortalecen para hacer frente al bullying y evitarlo.<br>\n\u2022 Se realizan personal y profesionalmente.<br>\n\u2022 Obtienen herramientas para ser independientes toda su vida.<br>\n\u2022 Consiguen la claridad de conocimientos claves para el momento de saber elegir una carrera universitaria.<br>\n\u2022 Se dan cuenta de que las crisis son oportunidades.<\/h2>\t\t\t\t<\/div>\n\t\t\t\t<\/div>\n\t\t\t\t\t<\/div>\n\t\t<\/div>\n\t\t\t\t<div class=\"elementor-column elementor-col-50 elementor-top-column elementor-element elementor-element-be7372d\" data-id=\"be7372d\" data-element_type=\"column\" data-e-type=\"column\">\n\t\t\t<div class=\"elementor-widget-wrap elementor-element-populated\">\n\t\t\t\t\t\t<div class=\"elementor-element elementor-element-ac8d26a elementor-widget elementor-widget-image\" data-id=\"ac8d26a\" data-element_type=\"widget\" data-e-type=\"widget\" data-widget_type=\"image.default\">\n\t\t\t\t<div class=\"elementor-widget-container\">\n\t\t\t\t\t\t\t\t\t\t\t\t\t\t\t<img decoding=\"async\" width=\"900\" height=\"601\" src=\"https:\/\/businesskids.com.mx\/wp-content\/uploads\/2023\/06\/businesskids-img-02-1024x684.jpg\" class=\"attachment-large size-large wp-image-543\" alt=\"\" srcset=\"https:\/\/businesskids.com.mx\/wp-content\/uploads\/2023\/06\/businesskids-img-02-1024x684.jpg 1024w, https:\/\/businesskids.com.mx\/wp-content\/uploads\/2023\/06\/businesskids-img-02-300x200.jpg 300w, https:\/\/businesskids.com.mx\/wp-content\/uploads\/2023\/06\/businesskids-img-02-768x513.jpg 768w, https:\/\/businesskids.com.mx\/wp-content\/uploads\/2023\/06\/businesskids-img-02-1536x1026.jpg 1536w, https:\/\/businesskids.com.mx\/wp-content\/uploads\/2023\/06\/businesskids-img-02.jpg 1920w\" sizes=\"(max-width: 900px) 100vw, 900px\" \/>\t\t\t\t\t\t\t\t\t\t\t\t\t\t\t<\/div>\n\t\t\t\t<\/div>\n\t\t\t\t\t<\/div>\n\t\t<\/div>\n\t\t\t\t\t<\/div>\n\t\t<\/section>\n\t\t\t\t<section class=\"elementor-section elementor-top-section elementor-element elementor-element-4616c93 elementor-section-boxed elementor-section-height-default elementor-section-height-default\" data-id=\"4616c93\" data-element_type=\"section\" data-e-type=\"section\">\n\t\t\t\t\t\t<div class=\"elementor-container elementor-column-gap-default\">\n\t\t\t\t\t<div class=\"elementor-column elementor-col-50 elementor-top-column elementor-element elementor-element-8c7e818\" data-id=\"8c7e818\" data-element_type=\"column\" data-e-type=\"column\">\n\t\t\t<div class=\"elementor-widget-wrap elementor-element-populated\">\n\t\t\t\t\t\t<div class=\"elementor-element elementor-element-56a95d3 elementor-widget elementor-widget-image\" data-id=\"56a95d3\" data-element_type=\"widget\" data-e-type=\"widget\" data-widget_type=\"image.default\">\n\t\t\t\t<div class=\"elementor-widget-container\">\n\t\t\t\t\t\t\t\t\t\t\t\t\t\t\t<img decoding=\"async\" width=\"900\" height=\"650\" src=\"https:\/\/businesskids.com.mx\/wp-content\/uploads\/2023\/06\/businessteens-img-03-1024x740.jpg\" class=\"attachment-large size-large wp-image-594\" alt=\"\" srcset=\"https:\/\/businesskids.com.mx\/wp-content\/uploads\/2023\/06\/businessteens-img-03-1024x740.jpg 1024w, https:\/\/businesskids.com.mx\/wp-content\/uploads\/2023\/06\/businessteens-img-03-300x217.jpg 300w, https:\/\/businesskids.com.mx\/wp-content\/uploads\/2023\/06\/businessteens-img-03-768x555.jpg 768w, https:\/\/businesskids.com.mx\/wp-content\/uploads\/2023\/06\/businessteens-img-03-1536x1110.jpg 1536w, https:\/\/businesskids.com.mx\/wp-content\/uploads\/2023\/06\/businessteens-img-03.jpg 1920w\" sizes=\"(max-width: 900px) 100vw, 900px\" \/>\t\t\t\t\t\t\t\t\t\t\t\t\t\t\t<\/div>\n\t\t\t\t<\/div>\n\t\t\t\t\t<\/div>\n\t\t<\/div>\n\t\t\t\t<div class=\"elementor-column elementor-col-50 elementor-top-column elementor-element elementor-element-1166e79\" data-id=\"1166e79\" data-element_type=\"column\" data-e-type=\"column\">\n\t\t\t<div class=\"elementor-widget-wrap elementor-element-populated\">\n\t\t\t\t\t\t<div class=\"elementor-element elementor-element-52b1b02 elementor-widget elementor-widget-text-editor\" data-id=\"52b1b02\" data-element_type=\"widget\" data-e-type=\"widget\" data-widget_type=\"text-editor.default\">\n\t\t\t\t<div class=\"elementor-widget-container\">\n\t\t\t\t\t\t\t\t\t<h3><span style=\"color: #7F43A8;\">\u00bfQuieres conocer m\u00e1s sobre nuestros programas?<\/span><\/h3>\t\t\t\t\t\t\t\t<\/div>\n\t\t\t\t<\/div>\n\t\t\t\t<div class=\"elementor-element elementor-element-ac5dafd elementor-widget elementor-widget-text-editor\" data-id=\"ac5dafd\" data-element_type=\"widget\" data-e-type=\"widget\" data-widget_type=\"text-editor.default\">\n\t\t\t\t<div class=\"elementor-widget-container\">\n\t\t\t\t\t\t\t\t\t<h5><span style=\"color: #333333;\">Escr\u00edbenos por WhatsApp y resuelve todas tus dudas.<\/span><\/h5>\t\t\t\t\t\t\t\t<\/div>\n\t\t\t\t<\/div>\n\t\t\t\t\t<\/div>\n\t\t<\/div>\n\t\t\t\t\t<\/div>\n\t\t<\/section>\n\t\t\t\t<\/div>","protected":false},"excerpt":{"rendered":"<p>Homeschool &amp; Unschooling \u00a1Acerca el emprendimiento a tus estudiantes! T\u00fa eliges la modalidad y nosotros nos encargamos del resto. Puedes elegir entre el programa escolar. Formaci\u00f3n emprendedora o el que se imparte por consultores expertos de BusinessKids, as\u00ed como la modalidad presencial o en l\u00ednea en directo e, incluso, a trav\u00e9s del e-learning. La educaci\u00f3n &#8230; <a title=\"Homeschool y Unschooling\" class=\"read-more\" href=\"https:\/\/businesskids.com.mx\/fr\/colegios\/homeschool-y-unschooling\/\" aria-label=\"Read more about Homeschool y Unschooling\">Read more<\/a><\/p>","protected":false},"author":1,"featured_media":0,"parent":617,"menu_order":0,"comment_status":"closed","ping_status":"closed","template":"elementor_header_footer","meta":{"footnotes":""},"class_list":["post-721","page","type-page","status-publish"],"yoast_head":"<!-- This site is optimized with the Yoast SEO plugin v27.5 - https:\/\/yoast.com\/product\/yoast-seo-wordpress\/ -->\n<title>Homeschool y Unschooling - BusinessKids\u00ae M\u00e9xico<\/title>\n<meta name=\"robots\" content=\"index, follow, max-snippet:-1, max-image-preview:large, max-video-preview:-1\" \/>\n<link rel=\"canonical\" href=\"https:\/\/businesskids.com.mx\/fr\/colegios\/homeschool-y-unschooling\/\" \/>\n<meta property=\"og:locale\" content=\"fr_FR\" \/>\n<meta property=\"og:type\" content=\"article\" \/>\n<meta property=\"og:title\" content=\"Homeschool y Unschooling - BusinessKids\u00ae M\u00e9xico\" \/>\n<meta property=\"og:description\" content=\"Homeschool &amp; Unschooling \u00a1Acerca el emprendimiento a tus estudiantes! T\u00fa eliges la modalidad y nosotros nos encargamos del resto. Puedes elegir entre el programa escolar. Formaci\u00f3n emprendedora o el que se imparte por consultores expertos de BusinessKids, as\u00ed como la modalidad presencial o en l\u00ednea en directo e, incluso, a trav\u00e9s del e-learning. La educaci\u00f3n ... Read more\" \/>\n<meta property=\"og:url\" content=\"https:\/\/businesskids.com.mx\/fr\/colegios\/homeschool-y-unschooling\/\" \/>\n<meta property=\"og:site_name\" content=\"BusinessKids\u00ae M\u00e9xico\" \/>\n<meta property=\"article:modified_time\" content=\"2025-07-09T18:37:16+00:00\" \/>\n<meta property=\"og:image\" content=\"https:\/\/businesskids.com.es\/wp-content\/uploads\/2023\/06\/businesskids-img-03-1024x683.jpg\" \/>\n<meta name=\"twitter:card\" content=\"summary_large_image\" \/>\n<meta name=\"twitter:label1\" content=\"Est. reading time\" \/>\n\t<meta name=\"twitter:data1\" content=\"2 minutes\" \/>\n<script type=\"application\/ld+json\" class=\"yoast-schema-graph\">{\"@context\":\"https:\\\/\\\/schema.org\",\"@graph\":[{\"@type\":\"WebPage\",\"@id\":\"https:\\\/\\\/businesskids.com.mx\\\/colegios\\\/homeschool-y-unschooling\\\/\",\"url\":\"https:\\\/\\\/businesskids.com.mx\\\/colegios\\\/homeschool-y-unschooling\\\/\",\"name\":\"Homeschool y Unschooling - BusinessKids\u00ae M\u00e9xico\",\"isPartOf\":{\"@id\":\"https:\\\/\\\/businesskids.com.mx\\\/#website\"},\"primaryImageOfPage\":{\"@id\":\"https:\\\/\\\/businesskids.com.mx\\\/colegios\\\/homeschool-y-unschooling\\\/#primaryimage\"},\"image\":{\"@id\":\"https:\\\/\\\/businesskids.com.mx\\\/colegios\\\/homeschool-y-unschooling\\\/#primaryimage\"},\"thumbnailUrl\":\"https:\\\/\\\/businesskids.com.es\\\/wp-content\\\/uploads\\\/2023\\\/06\\\/businesskids-img-03-1024x683.jpg\",\"datePublished\":\"2023-08-03T22:35:55+00:00\",\"dateModified\":\"2025-07-09T18:37:16+00:00\",\"breadcrumb\":{\"@id\":\"https:\\\/\\\/businesskids.com.mx\\\/colegios\\\/homeschool-y-unschooling\\\/#breadcrumb\"},\"inLanguage\":\"fr-FR\",\"potentialAction\":[{\"@type\":\"ReadAction\",\"target\":[\"https:\\\/\\\/businesskids.com.mx\\\/colegios\\\/homeschool-y-unschooling\\\/\"]}]},{\"@type\":\"ImageObject\",\"inLanguage\":\"fr-FR\",\"@id\":\"https:\\\/\\\/businesskids.com.mx\\\/colegios\\\/homeschool-y-unschooling\\\/#primaryimage\",\"url\":\"https:\\\/\\\/businesskids.com.es\\\/wp-content\\\/uploads\\\/2023\\\/06\\\/businesskids-img-03-1024x683.jpg\",\"contentUrl\":\"https:\\\/\\\/businesskids.com.es\\\/wp-content\\\/uploads\\\/2023\\\/06\\\/businesskids-img-03-1024x683.jpg\"},{\"@type\":\"BreadcrumbList\",\"@id\":\"https:\\\/\\\/businesskids.com.mx\\\/colegios\\\/homeschool-y-unschooling\\\/#breadcrumb\",\"itemListElement\":[{\"@type\":\"ListItem\",\"position\":1,\"name\":\"Portada\",\"item\":\"https:\\\/\\\/businesskids.com.mx\\\/\"},{\"@type\":\"ListItem\",\"position\":2,\"name\":\"Colegios\",\"item\":\"https:\\\/\\\/businesskids.com.mx\\\/colegios\\\/\"},{\"@type\":\"ListItem\",\"position\":3,\"name\":\"Homeschool y Unschooling\"}]},{\"@type\":\"WebSite\",\"@id\":\"https:\\\/\\\/businesskids.com.mx\\\/#website\",\"url\":\"https:\\\/\\\/businesskids.com.mx\\\/\",\"name\":\"BusinessKids\u00ae\",\"description\":\"Programa para ni\u00f1os emprendedores\",\"publisher\":{\"@id\":\"https:\\\/\\\/businesskids.com.mx\\\/#organization\"},\"potentialAction\":[{\"@type\":\"SearchAction\",\"target\":{\"@type\":\"EntryPoint\",\"urlTemplate\":\"https:\\\/\\\/businesskids.com.mx\\\/?s={search_term_string}\"},\"query-input\":{\"@type\":\"PropertyValueSpecification\",\"valueRequired\":true,\"valueName\":\"search_term_string\"}}],\"inLanguage\":\"fr-FR\"},{\"@type\":\"Organization\",\"@id\":\"https:\\\/\\\/businesskids.com.mx\\\/#organization\",\"name\":\"BusinessKids\u00ae\",\"url\":\"https:\\\/\\\/businesskids.com.mx\\\/\",\"logo\":{\"@type\":\"ImageObject\",\"inLanguage\":\"fr-FR\",\"@id\":\"https:\\\/\\\/businesskids.com.mx\\\/#\\\/schema\\\/logo\\\/image\\\/\",\"url\":\"https:\\\/\\\/businesskids.com.mx\\\/wp-content\\\/uploads\\\/2023\\\/04\\\/bk.logo_.png\",\"contentUrl\":\"https:\\\/\\\/businesskids.com.mx\\\/wp-content\\\/uploads\\\/2023\\\/04\\\/bk.logo_.png\",\"width\":792,\"height\":244,\"caption\":\"BusinessKids\u00ae\"},\"image\":{\"@id\":\"https:\\\/\\\/businesskids.com.mx\\\/#\\\/schema\\\/logo\\\/image\\\/\"}}]}<\/script>\n<!-- \/ Yoast SEO plugin. -->","yoast_head_json":{"title":"Homeschool y Unschooling - BusinessKids\u00ae M\u00e9xico","robots":{"index":"index","follow":"follow","max-snippet":"max-snippet:-1","max-image-preview":"max-image-preview:large","max-video-preview":"max-video-preview:-1"},"canonical":"https:\/\/businesskids.com.mx\/fr\/colegios\/homeschool-y-unschooling\/","og_locale":"fr_FR","og_type":"article","og_title":"Homeschool y Unschooling - BusinessKids\u00ae M\u00e9xico","og_description":"Homeschool &amp; Unschooling \u00a1Acerca el emprendimiento a tus estudiantes! T\u00fa eliges la modalidad y nosotros nos encargamos del resto. Puedes elegir entre el programa escolar. Formaci\u00f3n emprendedora o el que se imparte por consultores expertos de BusinessKids, as\u00ed como la modalidad presencial o en l\u00ednea en directo e, incluso, a trav\u00e9s del e-learning. La educaci\u00f3n ... Read more","og_url":"https:\/\/businesskids.com.mx\/fr\/colegios\/homeschool-y-unschooling\/","og_site_name":"BusinessKids\u00ae M\u00e9xico","article_modified_time":"2025-07-09T18:37:16+00:00","og_image":[{"url":"https:\/\/businesskids.com.es\/wp-content\/uploads\/2023\/06\/businesskids-img-03-1024x683.jpg","type":"","width":"","height":""}],"twitter_card":"summary_large_image","twitter_misc":{"Est. reading time":"2 minutes"},"schema":{"@context":"https:\/\/schema.org","@graph":[{"@type":"WebPage","@id":"https:\/\/businesskids.com.mx\/colegios\/homeschool-y-unschooling\/","url":"https:\/\/businesskids.com.mx\/colegios\/homeschool-y-unschooling\/","name":"Homeschool y Unschooling - BusinessKids\u00ae M\u00e9xico","isPartOf":{"@id":"https:\/\/businesskids.com.mx\/#website"},"primaryImageOfPage":{"@id":"https:\/\/businesskids.com.mx\/colegios\/homeschool-y-unschooling\/#primaryimage"},"image":{"@id":"https:\/\/businesskids.com.mx\/colegios\/homeschool-y-unschooling\/#primaryimage"},"thumbnailUrl":"https:\/\/businesskids.com.es\/wp-content\/uploads\/2023\/06\/businesskids-img-03-1024x683.jpg","datePublished":"2023-08-03T22:35:55+00:00","dateModified":"2025-07-09T18:37:16+00:00","breadcrumb":{"@id":"https:\/\/businesskids.com.mx\/colegios\/homeschool-y-unschooling\/#breadcrumb"},"inLanguage":"fr-FR","potentialAction":[{"@type":"ReadAction","target":["https:\/\/businesskids.com.mx\/colegios\/homeschool-y-unschooling\/"]}]},{"@type":"ImageObject","inLanguage":"fr-FR","@id":"https:\/\/businesskids.com.mx\/colegios\/homeschool-y-unschooling\/#primaryimage","url":"https:\/\/businesskids.com.es\/wp-content\/uploads\/2023\/06\/businesskids-img-03-1024x683.jpg","contentUrl":"https:\/\/businesskids.com.es\/wp-content\/uploads\/2023\/06\/businesskids-img-03-1024x683.jpg"},{"@type":"BreadcrumbList","@id":"https:\/\/businesskids.com.mx\/colegios\/homeschool-y-unschooling\/#breadcrumb","itemListElement":[{"@type":"ListItem","position":1,"name":"Portada","item":"https:\/\/businesskids.com.mx\/"},{"@type":"ListItem","position":2,"name":"Colegios","item":"https:\/\/businesskids.com.mx\/colegios\/"},{"@type":"ListItem","position":3,"name":"Homeschool y Unschooling"}]},{"@type":"WebSite","@id":"https:\/\/businesskids.com.mx\/#website","url":"https:\/\/businesskids.com.mx\/","name":"BusinessKids\u00ae","description":"Programa para ni\u00f1os emprendedores","publisher":{"@id":"https:\/\/businesskids.com.mx\/#organization"},"potentialAction":[{"@type":"SearchAction","target":{"@type":"EntryPoint","urlTemplate":"https:\/\/businesskids.com.mx\/?s={search_term_string}"},"query-input":{"@type":"PropertyValueSpecification","valueRequired":true,"valueName":"search_term_string"}}],"inLanguage":"fr-FR"},{"@type":"Organization","@id":"https:\/\/businesskids.com.mx\/#organization","name":"BusinessKids\u00ae","url":"https:\/\/businesskids.com.mx\/","logo":{"@type":"ImageObject","inLanguage":"fr-FR","@id":"https:\/\/businesskids.com.mx\/#\/schema\/logo\/image\/","url":"https:\/\/businesskids.com.mx\/wp-content\/uploads\/2023\/04\/bk.logo_.png","contentUrl":"https:\/\/businesskids.com.mx\/wp-content\/uploads\/2023\/04\/bk.logo_.png","width":792,"height":244,"caption":"BusinessKids\u00ae"},"image":{"@id":"https:\/\/businesskids.com.mx\/#\/schema\/logo\/image\/"}}]}},"_links":{"self":[{"href":"https:\/\/businesskids.com.mx\/fr\/wp-json\/wp\/v2\/pages\/721","targetHints":{"allow":["GET"]}}],"collection":[{"href":"https:\/\/businesskids.com.mx\/fr\/wp-json\/wp\/v2\/pages"}],"about":[{"href":"https:\/\/businesskids.com.mx\/fr\/wp-json\/wp\/v2\/types\/page"}],"author":[{"embeddable":true,"href":"https:\/\/businesskids.com.mx\/fr\/wp-json\/wp\/v2\/users\/1"}],"replies":[{"embeddable":true,"href":"https:\/\/businesskids.com.mx\/fr\/wp-json\/wp\/v2\/comments?post=721"}],"version-history":[{"count":31,"href":"https:\/\/businesskids.com.mx\/fr\/wp-json\/wp\/v2\/pages\/721\/revisions"}],"predecessor-version":[{"id":1374,"href":"https:\/\/businesskids.com.mx\/fr\/wp-json\/wp\/v2\/pages\/721\/revisions\/1374"}],"up":[{"embeddable":true,"href":"https:\/\/businesskids.com.mx\/fr\/wp-json\/wp\/v2\/pages\/617"}],"wp:attachment":[{"href":"https:\/\/businesskids.com.mx\/fr\/wp-json\/wp\/v2\/media?parent=721"}],"curies":[{"name":"wp","href":"https:\/\/api.w.org\/{rel}","templated":true}]}}