{"id":275,"date":"2023-04-17T18:17:28","date_gmt":"2023-04-17T18:17:28","guid":{"rendered":"https:\/\/businesskids.academy\/?page_id=275"},"modified":"2023-04-17T18:21:17","modified_gmt":"2023-04-17T18:21:17","slug":"aviso-de-privacidad","status":"publish","type":"page","link":"https:\/\/businesskids.com.mx\/en\/aviso-de-privacidad\/","title":{"rendered":"Privacy Policy"},"content":{"rendered":"<div data-elementor-type=\"wp-page\" data-elementor-id=\"275\" class=\"elementor elementor-275\" data-elementor-post-type=\"page\">\n\t\t\t\t\t\t<section class=\"elementor-section elementor-top-section elementor-element elementor-element-45e1f6c elementor-section-boxed elementor-section-height-default elementor-section-height-default\" data-id=\"45e1f6c\" data-element_type=\"section\" data-e-type=\"section\" data-settings=\"{&quot;background_background&quot;:&quot;classic&quot;,&quot;shape_divider_bottom&quot;:&quot;tilt&quot;}\">\n\t\t\t\t\t\t\t<div class=\"elementor-background-overlay\"><\/div>\n\t\t\t\t\t\t<div class=\"elementor-shape elementor-shape-bottom\" aria-hidden=\"true\" data-negative=\"false\">\n\t\t\t<svg xmlns=\"http:\/\/www.w3.org\/2000\/svg\" viewbox=\"0 0 1000 100\" preserveaspectratio=\"none\">\n\t<path class=\"elementor-shape-fill\" d=\"M0,6V0h1000v100L0,6z\"\/>\n<\/svg>\t\t<\/div>\n\t\t\t\t\t<div class=\"elementor-container elementor-column-gap-default\">\n\t\t\t\t\t<div class=\"elementor-column elementor-col-100 elementor-top-column elementor-element elementor-element-e5ae7b9\" data-id=\"e5ae7b9\" data-element_type=\"column\" data-e-type=\"column\">\n\t\t\t<div class=\"elementor-widget-wrap elementor-element-populated\">\n\t\t\t\t\t\t<div class=\"elementor-element elementor-element-9720263 elementor-widget elementor-widget-text-editor\" data-id=\"9720263\" data-element_type=\"widget\" data-e-type=\"widget\" data-widget_type=\"text-editor.default\">\n\t\t\t\t<div class=\"elementor-widget-container\">\n\t\t\t\t\t\t\t\t\t<h1 style=\"text-align: center;\"><span style=\"color: #ffffff;\">Privacy Policy<\/span><\/h1>\t\t\t\t\t\t\t\t<\/div>\n\t\t\t\t<\/div>\n\t\t\t\t\t<\/div>\n\t\t<\/div>\n\t\t\t\t\t<\/div>\n\t\t<\/section>\n\t\t\t\t<section class=\"elementor-section elementor-top-section elementor-element elementor-element-1f818dc elementor-section-boxed elementor-section-height-default elementor-section-height-default\" data-id=\"1f818dc\" data-element_type=\"section\" data-e-type=\"section\">\n\t\t\t\t\t\t<div class=\"elementor-container elementor-column-gap-default\">\n\t\t\t\t\t<div class=\"elementor-column elementor-col-16 elementor-top-column elementor-element elementor-element-a90c184\" data-id=\"a90c184\" data-element_type=\"column\" data-e-type=\"column\">\n\t\t\t<div class=\"elementor-widget-wrap\">\n\t\t\t\t\t\t\t<\/div>\n\t\t<\/div>\n\t\t\t\t<div class=\"elementor-column elementor-col-66 elementor-top-column elementor-element elementor-element-06000cb\" data-id=\"06000cb\" data-element_type=\"column\" data-e-type=\"column\">\n\t\t\t<div class=\"elementor-widget-wrap elementor-element-populated\">\n\t\t\t\t\t\t<div class=\"elementor-element elementor-element-1b649fa elementor-widget elementor-widget-text-editor\" data-id=\"1b649fa\" data-element_type=\"widget\" data-e-type=\"widget\" data-widget_type=\"text-editor.default\">\n\t\t\t\t<div class=\"elementor-widget-container\">\n\t\t\t\t\t\t\t\t\t<h6>Con fundamento en los art\u00edculos 15 y 16 de la Ley Federal de Protecci\u00f3n de Datos Personales en Posesi\u00f3n de Particulares hacemos de su conocimiento que Business Kids, con domicilio en Insurgentes Sur 1915-702, Guadalupe Inn es responsable de recabar sus datos personales, del uso que se le d\u00e9 a los mismos y de su protecci\u00f3n.<\/h6><h6>Su informaci\u00f3n personal ser\u00e1 utilizada para las siguientes finalidades: proveer los servicios y productos que ha solicitado; notificarle sobre nuevos servicios o productos que tengan relaci\u00f3n con los ya contratados o adquiridos; comunicarle sobre cambios en los mismos; elaborar estudios y programas que son necesarios para determinar h\u00e1bitos de consumo; realizar evaluaciones peri\u00f3dicas de nuestros productos y servicios a efecto de mejorar la calidad de los mismos; evaluar la calidad del servicio que brindamos, y en general, para dar cumplimiento a las obligaciones que hemos contra\u00eddo con usted.<\/h6><h6>Para las finalidades antes mencionadas, requerimos obtener los siguientes datos personales:<\/h6><h6>Nombre completo.<br \/>Tel\u00e9fono fijo y\/o celular.<br \/>Correo electr\u00f3nico.<br \/>Edad.<\/h6><h6>Es importante informarle que usted tiene derecho al acceso, rectificaci\u00f3n y cancelaci\u00f3n de sus datos personales, a oponerse al tratamiento de los mismos o a revocar el consentimiento que para dicho fin nos haya otorgado.<\/h6><h6>Para ello, es necesario que env\u00ede la solicitud en los t\u00e9rminos que marca el Art. 29 de la Ley mencionada a nuestro Departamento de Protecci\u00f3n de Datos Personales, ubicado en Av. Ciudad Universitaria 286, Piso 2, Col. Jardines del Pedregal, Del. \u00c1lvaro Obreg\u00f3n, M\u00e9xico, C.P. 01900, D.F. , o bien, se comunique al tel\u00e9fono 55 5615 9107 o v\u00eda correo electr\u00f3nico a mcabrera@comerciointernacionalmexicano.com.mx, el cual solicitamos confirme v\u00eda telef\u00f3nica para garantizar su correcta recepci\u00f3n.<\/h6><h6>En caso de que no desee recibir mensajes promocionales de nuestra parte, puede enviarnos su solicitud por medio de la direcci\u00f3n electr\u00f3nica: <a href=\"mailto:mcabrera@comerciointernacionalmexicano.com.mx\" target=\"_blank\" rel=\"noopener\">mcabrera@comerciointernacionalmexicano.com.mx<\/a><\/h6>\t\t\t\t\t\t\t\t<\/div>\n\t\t\t\t<\/div>\n\t\t\t\t\t<\/div>\n\t\t<\/div>\n\t\t\t\t<div class=\"elementor-column elementor-col-16 elementor-top-column elementor-element elementor-element-1aba052\" data-id=\"1aba052\" data-element_type=\"column\" data-e-type=\"column\">\n\t\t\t<div class=\"elementor-widget-wrap\">\n\t\t\t\t\t\t\t<\/div>\n\t\t<\/div>\n\t\t\t\t\t<\/div>\n\t\t<\/section>\n\t\t\t\t<\/div>","protected":false},"excerpt":{"rendered":"<p>Aviso de Privacidad Con fundamento en los art\u00edculos 15 y 16 de la Ley Federal de Protecci\u00f3n de Datos Personales en Posesi\u00f3n de Particulares hacemos de su conocimiento que Business Kids, con domicilio en Insurgentes Sur 1915-702, Guadalupe Inn es responsable de recabar sus datos personales, del uso que se le d\u00e9 a los mismos &#8230; <a title=\"Privacy Policy\" class=\"read-more\" href=\"https:\/\/businesskids.com.mx\/en\/aviso-de-privacidad\/\" aria-label=\"Read more about Aviso de Privacidad\">Read more<\/a><\/p>","protected":false},"author":1,"featured_media":0,"parent":0,"menu_order":0,"comment_status":"closed","ping_status":"closed","template":"elementor_header_footer","meta":{"footnotes":""},"class_list":["post-275","page","type-page","status-publish"],"yoast_head":"<!-- This site is optimized with the Yoast SEO plugin v27.5 - https:\/\/yoast.com\/product\/yoast-seo-wordpress\/ -->\n<title>Aviso de Privacidad - BusinessKids\u00ae M\u00e9xico<\/title>\n<meta name=\"robots\" content=\"index, follow, max-snippet:-1, max-image-preview:large, max-video-preview:-1\" \/>\n<link rel=\"canonical\" href=\"https:\/\/businesskids.com.mx\/en\/aviso-de-privacidad\/\" \/>\n<meta property=\"og:locale\" content=\"en_US\" \/>\n<meta property=\"og:type\" content=\"article\" \/>\n<meta property=\"og:title\" content=\"Aviso de Privacidad - BusinessKids\u00ae M\u00e9xico\" \/>\n<meta property=\"og:description\" content=\"Aviso de Privacidad Con fundamento en los art\u00edculos 15 y 16 de la Ley Federal de Protecci\u00f3n de Datos Personales en Posesi\u00f3n de Particulares hacemos de su conocimiento que Business Kids, con domicilio en Insurgentes Sur 1915-702, Guadalupe Inn es responsable de recabar sus datos personales, del uso que se le d\u00e9 a los mismos ... Read more\" \/>\n<meta property=\"og:url\" content=\"https:\/\/businesskids.com.mx\/en\/aviso-de-privacidad\/\" \/>\n<meta property=\"og:site_name\" content=\"BusinessKids\u00ae M\u00e9xico\" \/>\n<meta property=\"article:modified_time\" content=\"2023-04-17T18:21:17+00:00\" \/>\n<meta name=\"twitter:card\" content=\"summary_large_image\" \/>\n<meta name=\"twitter:label1\" content=\"Est. reading time\" \/>\n\t<meta name=\"twitter:data1\" content=\"2 minutes\" \/>\n<script type=\"application\/ld+json\" class=\"yoast-schema-graph\">{\"@context\":\"https:\\\/\\\/schema.org\",\"@graph\":[{\"@type\":\"WebPage\",\"@id\":\"https:\\\/\\\/businesskids.com.mx\\\/aviso-de-privacidad\\\/\",\"url\":\"https:\\\/\\\/businesskids.com.mx\\\/aviso-de-privacidad\\\/\",\"name\":\"Aviso de Privacidad - BusinessKids\u00ae M\u00e9xico\",\"isPartOf\":{\"@id\":\"https:\\\/\\\/businesskids.com.mx\\\/#website\"},\"datePublished\":\"2023-04-17T18:17:28+00:00\",\"dateModified\":\"2023-04-17T18:21:17+00:00\",\"breadcrumb\":{\"@id\":\"https:\\\/\\\/businesskids.com.mx\\\/aviso-de-privacidad\\\/#breadcrumb\"},\"inLanguage\":\"en-US\",\"potentialAction\":[{\"@type\":\"ReadAction\",\"target\":[\"https:\\\/\\\/businesskids.com.mx\\\/aviso-de-privacidad\\\/\"]}]},{\"@type\":\"BreadcrumbList\",\"@id\":\"https:\\\/\\\/businesskids.com.mx\\\/aviso-de-privacidad\\\/#breadcrumb\",\"itemListElement\":[{\"@type\":\"ListItem\",\"position\":1,\"name\":\"Portada\",\"item\":\"https:\\\/\\\/businesskids.com.mx\\\/\"},{\"@type\":\"ListItem\",\"position\":2,\"name\":\"Aviso de Privacidad\"}]},{\"@type\":\"WebSite\",\"@id\":\"https:\\\/\\\/businesskids.com.mx\\\/#website\",\"url\":\"https:\\\/\\\/businesskids.com.mx\\\/\",\"name\":\"BusinessKids\u00ae\",\"description\":\"Programa para ni\u00f1os emprendedores\",\"publisher\":{\"@id\":\"https:\\\/\\\/businesskids.com.mx\\\/#organization\"},\"potentialAction\":[{\"@type\":\"SearchAction\",\"target\":{\"@type\":\"EntryPoint\",\"urlTemplate\":\"https:\\\/\\\/businesskids.com.mx\\\/?s={search_term_string}\"},\"query-input\":{\"@type\":\"PropertyValueSpecification\",\"valueRequired\":true,\"valueName\":\"search_term_string\"}}],\"inLanguage\":\"en-US\"},{\"@type\":\"Organization\",\"@id\":\"https:\\\/\\\/businesskids.com.mx\\\/#organization\",\"name\":\"BusinessKids\u00ae\",\"url\":\"https:\\\/\\\/businesskids.com.mx\\\/\",\"logo\":{\"@type\":\"ImageObject\",\"inLanguage\":\"en-US\",\"@id\":\"https:\\\/\\\/businesskids.com.mx\\\/#\\\/schema\\\/logo\\\/image\\\/\",\"url\":\"https:\\\/\\\/businesskids.com.mx\\\/wp-content\\\/uploads\\\/2023\\\/04\\\/bk.logo_.png\",\"contentUrl\":\"https:\\\/\\\/businesskids.com.mx\\\/wp-content\\\/uploads\\\/2023\\\/04\\\/bk.logo_.png\",\"width\":792,\"height\":244,\"caption\":\"BusinessKids\u00ae\"},\"image\":{\"@id\":\"https:\\\/\\\/businesskids.com.mx\\\/#\\\/schema\\\/logo\\\/image\\\/\"}}]}<\/script>\n<!-- \/ Yoast SEO plugin. -->","yoast_head_json":{"title":"Aviso de Privacidad - BusinessKids\u00ae M\u00e9xico","robots":{"index":"index","follow":"follow","max-snippet":"max-snippet:-1","max-image-preview":"max-image-preview:large","max-video-preview":"max-video-preview:-1"},"canonical":"https:\/\/businesskids.com.mx\/en\/aviso-de-privacidad\/","og_locale":"en_US","og_type":"article","og_title":"Aviso de Privacidad - BusinessKids\u00ae M\u00e9xico","og_description":"Aviso de Privacidad Con fundamento en los art\u00edculos 15 y 16 de la Ley Federal de Protecci\u00f3n de Datos Personales en Posesi\u00f3n de Particulares hacemos de su conocimiento que Business Kids, con domicilio en Insurgentes Sur 1915-702, Guadalupe Inn es responsable de recabar sus datos personales, del uso que se le d\u00e9 a los mismos ... Read more","og_url":"https:\/\/businesskids.com.mx\/en\/aviso-de-privacidad\/","og_site_name":"BusinessKids\u00ae M\u00e9xico","article_modified_time":"2023-04-17T18:21:17+00:00","twitter_card":"summary_large_image","twitter_misc":{"Est. reading time":"2 minutes"},"schema":{"@context":"https:\/\/schema.org","@graph":[{"@type":"WebPage","@id":"https:\/\/businesskids.com.mx\/aviso-de-privacidad\/","url":"https:\/\/businesskids.com.mx\/aviso-de-privacidad\/","name":"Aviso de Privacidad - BusinessKids\u00ae M\u00e9xico","isPartOf":{"@id":"https:\/\/businesskids.com.mx\/#website"},"datePublished":"2023-04-17T18:17:28+00:00","dateModified":"2023-04-17T18:21:17+00:00","breadcrumb":{"@id":"https:\/\/businesskids.com.mx\/aviso-de-privacidad\/#breadcrumb"},"inLanguage":"en-US","potentialAction":[{"@type":"ReadAction","target":["https:\/\/businesskids.com.mx\/aviso-de-privacidad\/"]}]},{"@type":"BreadcrumbList","@id":"https:\/\/businesskids.com.mx\/aviso-de-privacidad\/#breadcrumb","itemListElement":[{"@type":"ListItem","position":1,"name":"Portada","item":"https:\/\/businesskids.com.mx\/"},{"@type":"ListItem","position":2,"name":"Aviso de Privacidad"}]},{"@type":"WebSite","@id":"https:\/\/businesskids.com.mx\/#website","url":"https:\/\/businesskids.com.mx\/","name":"BusinessKids\u00ae","description":"Programa para ni\u00f1os emprendedores","publisher":{"@id":"https:\/\/businesskids.com.mx\/#organization"},"potentialAction":[{"@type":"SearchAction","target":{"@type":"EntryPoint","urlTemplate":"https:\/\/businesskids.com.mx\/?s={search_term_string}"},"query-input":{"@type":"PropertyValueSpecification","valueRequired":true,"valueName":"search_term_string"}}],"inLanguage":"en-US"},{"@type":"Organization","@id":"https:\/\/businesskids.com.mx\/#organization","name":"BusinessKids\u00ae","url":"https:\/\/businesskids.com.mx\/","logo":{"@type":"ImageObject","inLanguage":"en-US","@id":"https:\/\/businesskids.com.mx\/#\/schema\/logo\/image\/","url":"https:\/\/businesskids.com.mx\/wp-content\/uploads\/2023\/04\/bk.logo_.png","contentUrl":"https:\/\/businesskids.com.mx\/wp-content\/uploads\/2023\/04\/bk.logo_.png","width":792,"height":244,"caption":"BusinessKids\u00ae"},"image":{"@id":"https:\/\/businesskids.com.mx\/#\/schema\/logo\/image\/"}}]}},"_links":{"self":[{"href":"https:\/\/businesskids.com.mx\/en\/wp-json\/wp\/v2\/pages\/275","targetHints":{"allow":["GET"]}}],"collection":[{"href":"https:\/\/businesskids.com.mx\/en\/wp-json\/wp\/v2\/pages"}],"about":[{"href":"https:\/\/businesskids.com.mx\/en\/wp-json\/wp\/v2\/types\/page"}],"author":[{"embeddable":true,"href":"https:\/\/businesskids.com.mx\/en\/wp-json\/wp\/v2\/users\/1"}],"replies":[{"embeddable":true,"href":"https:\/\/businesskids.com.mx\/en\/wp-json\/wp\/v2\/comments?post=275"}],"version-history":[{"count":7,"href":"https:\/\/businesskids.com.mx\/en\/wp-json\/wp\/v2\/pages\/275\/revisions"}],"predecessor-version":[{"id":285,"href":"https:\/\/businesskids.com.mx\/en\/wp-json\/wp\/v2\/pages\/275\/revisions\/285"}],"wp:attachment":[{"href":"https:\/\/businesskids.com.mx\/en\/wp-json\/wp\/v2\/media?parent=275"}],"curies":[{"name":"wp","href":"https:\/\/api.w.org\/{rel}","templated":true}]}}